{"id":647,"date":"2025-10-10T14:18:45","date_gmt":"2025-10-10T14:18:45","guid":{"rendered":"https:\/\/safecru.com\/?post_type=product&#038;p=647"},"modified":"2026-03-04T14:38:07","modified_gmt":"2026-03-04T14:38:07","slug":"curso-osha-3","status":"publish","type":"product","link":"https:\/\/safecru.com\/es\/curso\/curso-osha-3\/","title":{"rendered":"OSHA-10 en Construcci\u00f3n + Usuario de Andamios 8hr"},"content":{"rendered":"<p>\u00a1Reciba 2 certificaciones con un descuento con este curso de 3 d\u00edas! Reciba su OSHA-10 en Construcci\u00f3n M\u00c1S una Certificaci\u00f3n de Usuario de Andamios.<\/p>\n<p>D\u00edas 1 y 2 Lugar de la clase: 10290 Pennsylvania Pkwy, Indian\u00e1polis, IN (Comfort Inn); D\u00eda 3: ABC Training: 5001 Shadeland Ave., Indian\u00e1polis, IN<\/p>\n<p>Este programa es un componente del programa de formaci\u00f3n de divulgaci\u00f3n de la OSHA, dise\u00f1ado para educar a los participantes sobre los peligros significativos en el lugar de trabajo, los derechos de los trabajadores, las obligaciones de los empresarios y el proceso de presentaci\u00f3n de una denuncia ante la OSHA.<\/p>\n<p><strong>Longitud<\/strong>2 d\u00edas (10 horas en total)<br \/>\n<strong>Requisitos previos<\/strong>: Ninguno<\/p>","protected":false},"excerpt":{"rendered":"<p>Obtenga las certificaciones OSHA-10 Construcci\u00f3n y Usuario de Andamios en este curso de 3 d\u00edas que cubre seguridad, concienciaci\u00f3n sobre peligros y aspectos esenciales de cumplimiento.<\/p>","protected":false},"featured_media":3733,"template":"","meta":{"_acf_changed":false},"product_brand":[],"product_cat":[19,20],"product_tag":[],"class_list":{"0":"post-647","1":"product","2":"type-product","3":"status-publish","4":"has-post-thumbnail","6":"product_cat-osha","7":"product_cat-scaffolding","9":"first","10":"instock","11":"sale","12":"virtual","13":"taxable","14":"purchasable","15":"product-type-simple"},"acf":[],"_links":{"self":[{"href":"https:\/\/safecru.com\/es\/wp-json\/wp\/v2\/product\/647","targetHints":{"allow":["GET"]}}],"collection":[{"href":"https:\/\/safecru.com\/es\/wp-json\/wp\/v2\/product"}],"about":[{"href":"https:\/\/safecru.com\/es\/wp-json\/wp\/v2\/types\/product"}],"wp:featuredmedia":[{"embeddable":true,"href":"https:\/\/safecru.com\/es\/wp-json\/wp\/v2\/media\/3733"}],"wp:attachment":[{"href":"https:\/\/safecru.com\/es\/wp-json\/wp\/v2\/media?parent=647"}],"wp:term":[{"taxonomy":"product_brand","embeddable":true,"href":"https:\/\/safecru.com\/es\/wp-json\/wp\/v2\/product_brand?post=647"},{"taxonomy":"product_cat","embeddable":true,"href":"https:\/\/safecru.com\/es\/wp-json\/wp\/v2\/product_cat?post=647"},{"taxonomy":"product_tag","embeddable":true,"href":"https:\/\/safecru.com\/es\/wp-json\/wp\/v2\/product_tag?post=647"}],"curies":[{"name":"wp","href":"https:\/\/api.w.org\/{rel}","templated":true}]}}