{"id":646,"date":"2025-10-10T14:18:21","date_gmt":"2025-10-10T14:18:21","guid":{"rendered":"https:\/\/safecru.com\/?post_type=product&#038;p=646"},"modified":"2026-03-04T14:38:28","modified_gmt":"2026-03-04T14:38:28","slug":"curso-osha-2","status":"publish","type":"product","link":"https:\/\/safecru.com\/es\/curso\/curso-osha-2\/","title":{"rendered":"OSHA-30"},"content":{"rendered":"<p>Este curso de formaci\u00f3n de 4 d\u00edas est\u00e1 dise\u00f1ado para supervisores de obras de construcci\u00f3n, superintendentes y directores de proyectos. Este programa de formaci\u00f3n OSHA de 30 horas cumple con los criterios esbozados por la iniciativa de formaci\u00f3n de divulgaci\u00f3n de OSHA.<\/p>\n<p><strong>Longitud<\/strong>: 3,5 d\u00edas (30 horas)<br \/>\n<strong>Requisitos previos<\/strong>: Ninguno<\/p>","protected":false},"excerpt":{"rendered":"<p>Desarrolle habilidades avanzadas de liderazgo en seguridad y concienciaci\u00f3n sobre peligros en este curso OSHA de 30 horas para supervisores de construcci\u00f3n y jefes de proyecto.<\/p>","protected":false},"featured_media":3735,"template":"","meta":{"_acf_changed":false},"product_brand":[],"product_cat":[19],"product_tag":[],"class_list":{"0":"post-646","1":"product","2":"type-product","3":"status-publish","4":"has-post-thumbnail","6":"product_cat-osha","8":"first","9":"instock","10":"sale","11":"virtual","12":"taxable","13":"purchasable","14":"product-type-simple"},"acf":[],"_links":{"self":[{"href":"https:\/\/safecru.com\/es\/wp-json\/wp\/v2\/product\/646","targetHints":{"allow":["GET"]}}],"collection":[{"href":"https:\/\/safecru.com\/es\/wp-json\/wp\/v2\/product"}],"about":[{"href":"https:\/\/safecru.com\/es\/wp-json\/wp\/v2\/types\/product"}],"wp:featuredmedia":[{"embeddable":true,"href":"https:\/\/safecru.com\/es\/wp-json\/wp\/v2\/media\/3735"}],"wp:attachment":[{"href":"https:\/\/safecru.com\/es\/wp-json\/wp\/v2\/media?parent=646"}],"wp:term":[{"taxonomy":"product_brand","embeddable":true,"href":"https:\/\/safecru.com\/es\/wp-json\/wp\/v2\/product_brand?post=646"},{"taxonomy":"product_cat","embeddable":true,"href":"https:\/\/safecru.com\/es\/wp-json\/wp\/v2\/product_cat?post=646"},{"taxonomy":"product_tag","embeddable":true,"href":"https:\/\/safecru.com\/es\/wp-json\/wp\/v2\/product_tag?post=646"}],"curies":[{"name":"wp","href":"https:\/\/api.w.org\/{rel}","templated":true}]}}