{"id":645,"date":"2025-10-10T14:17:43","date_gmt":"2025-10-10T14:17:43","guid":{"rendered":"https:\/\/safecru.com\/?post_type=product&#038;p=645"},"modified":"2026-03-04T14:42:14","modified_gmt":"2026-03-04T14:42:14","slug":"curso-osha-1","status":"publish","type":"product","link":"https:\/\/safecru.com\/es\/curso\/curso-osha-1\/","title":{"rendered":"OSHA 10"},"content":{"rendered":"<p>El programa de formaci\u00f3n de 10 horas de OSHA proporciona conocimientos fundamentales sobre seguridad y salud a las personas que inician su carrera profesional en la construcci\u00f3n y la industria general.<\/p>\n<p>Este programa es un componente del programa de formaci\u00f3n de divulgaci\u00f3n de la OSHA, dise\u00f1ado para educar a los participantes sobre los peligros significativos en el lugar de trabajo, los derechos de los trabajadores, las obligaciones de los empresarios y el proceso de presentaci\u00f3n de una denuncia ante la OSHA.<\/p>","protected":false},"excerpt":{"rendered":"<p>Aprenda los principios esenciales de seguridad, los derechos de los trabajadores y el reconocimiento de peligros en esta formaci\u00f3n OSHA de 10 horas para la construcci\u00f3n y la industria general.<\/p>","protected":false},"featured_media":3732,"template":"","meta":{"_acf_changed":false},"product_brand":[],"product_cat":[19],"product_tag":[],"class_list":{"0":"post-645","1":"product","2":"type-product","3":"status-publish","4":"has-post-thumbnail","6":"product_cat-osha","8":"first","9":"instock","10":"sale","11":"virtual","12":"taxable","13":"purchasable","14":"product-type-simple"},"acf":[],"_links":{"self":[{"href":"https:\/\/safecru.com\/es\/wp-json\/wp\/v2\/product\/645","targetHints":{"allow":["GET"]}}],"collection":[{"href":"https:\/\/safecru.com\/es\/wp-json\/wp\/v2\/product"}],"about":[{"href":"https:\/\/safecru.com\/es\/wp-json\/wp\/v2\/types\/product"}],"wp:featuredmedia":[{"embeddable":true,"href":"https:\/\/safecru.com\/es\/wp-json\/wp\/v2\/media\/3732"}],"wp:attachment":[{"href":"https:\/\/safecru.com\/es\/wp-json\/wp\/v2\/media?parent=645"}],"wp:term":[{"taxonomy":"product_brand","embeddable":true,"href":"https:\/\/safecru.com\/es\/wp-json\/wp\/v2\/product_brand?post=645"},{"taxonomy":"product_cat","embeddable":true,"href":"https:\/\/safecru.com\/es\/wp-json\/wp\/v2\/product_cat?post=645"},{"taxonomy":"product_tag","embeddable":true,"href":"https:\/\/safecru.com\/es\/wp-json\/wp\/v2\/product_tag?post=645"}],"curies":[{"name":"wp","href":"https:\/\/api.w.org\/{rel}","templated":true}]}}