{"id":641,"date":"2025-10-10T14:14:18","date_gmt":"2025-10-10T14:14:18","guid":{"rendered":"https:\/\/safecru.com\/?post_type=product&#038;p=641"},"modified":"2026-03-04T14:39:06","modified_gmt":"2026-03-04T14:39:06","slug":"trabajador-principal-inicial","status":"publish","type":"product","link":"https:\/\/safecru.com\/es\/curso\/trabajador-principal-inicial\/","title":{"rendered":"Trabajador principal Inicial"},"content":{"rendered":"<p>Este curso es (16 horas) dise\u00f1ado para capacitar a las personas para abordar y eliminar de forma segura los peligros de la pintura a base de plomo a trav\u00e9s de medidas de contenci\u00f3n y reducci\u00f3n. Los profesionales que realicen este tipo de trabajo deben estar certificados por la EPA o el Estado autorizado y deben trabajar bajo la supervisi\u00f3n de un contratista\/supervisor certificado en reducci\u00f3n de plomo.<\/p>\n<p>Acreditado en Indiana y Kentucky<\/p>","protected":false},"excerpt":{"rendered":"<p>Formaci\u00f3n para eliminar y controlar de forma segura los peligros de la pintura con base de plomo utilizando m\u00e9todos de reducci\u00f3n aprobados y cumpliendo los requisitos de certificaci\u00f3n de la EPA.<\/p>","protected":false},"featured_media":3730,"template":"","meta":{"_acf_changed":false},"product_brand":[],"product_cat":[18],"product_tag":[],"class_list":{"0":"post-641","1":"product","2":"type-product","3":"status-publish","4":"has-post-thumbnail","6":"product_cat-lead","8":"first","9":"instock","10":"sale","11":"virtual","12":"taxable","13":"purchasable","14":"product-type-simple"},"acf":[],"_links":{"self":[{"href":"https:\/\/safecru.com\/es\/wp-json\/wp\/v2\/product\/641","targetHints":{"allow":["GET"]}}],"collection":[{"href":"https:\/\/safecru.com\/es\/wp-json\/wp\/v2\/product"}],"about":[{"href":"https:\/\/safecru.com\/es\/wp-json\/wp\/v2\/types\/product"}],"wp:featuredmedia":[{"embeddable":true,"href":"https:\/\/safecru.com\/es\/wp-json\/wp\/v2\/media\/3730"}],"wp:attachment":[{"href":"https:\/\/safecru.com\/es\/wp-json\/wp\/v2\/media?parent=641"}],"wp:term":[{"taxonomy":"product_brand","embeddable":true,"href":"https:\/\/safecru.com\/es\/wp-json\/wp\/v2\/product_brand?post=641"},{"taxonomy":"product_cat","embeddable":true,"href":"https:\/\/safecru.com\/es\/wp-json\/wp\/v2\/product_cat?post=641"},{"taxonomy":"product_tag","embeddable":true,"href":"https:\/\/safecru.com\/es\/wp-json\/wp\/v2\/product_tag?post=641"}],"curies":[{"name":"wp","href":"https:\/\/api.w.org\/{rel}","templated":true}]}}