{"id":640,"date":"2025-10-10T14:13:11","date_gmt":"2025-10-10T14:13:11","guid":{"rendered":"https:\/\/safecru.com\/?post_type=product&#038;p=640"},"modified":"2026-03-04T14:39:45","modified_gmt":"2026-03-04T14:39:45","slug":"supervisor-de-amianto-inicial","status":"publish","type":"product","link":"https:\/\/safecru.com\/es\/curso\/supervisor-de-amianto-inicial\/","title":{"rendered":"Supervisor de amianto Inicial"},"content":{"rendered":"<p>Un supervisor certificado puede realizar todas las tareas que un trabajador principal, y adem\u00e1s es responsable de la seguridad de los ocupantes durante el proceso de reducci\u00f3n y de redactar el plan de reducci\u00f3n. El curso se centra en los procedimientos esenciales de reducci\u00f3n, incluida la preparaci\u00f3n del emplazamiento, la planificaci\u00f3n del contrato, la gesti\u00f3n del proyecto, la ejecuci\u00f3n de la reducci\u00f3n y el mantenimiento de registros. Este taller le prepara para aplicar sus conocimientos sobre el terreno, con una amplia formaci\u00f3n pr\u00e1ctica. Algunos estados exigen que el supervisor de la reducci\u00f3n de plomo est\u00e9 presente en todo momento.<\/p>\n<p><strong>Longitud<\/strong>: 5 d\u00edas (40 horas)<br \/>\n<strong>Requisitos previos<\/strong>: Ninguno<br \/>\n<strong>Caducidad<\/strong>: 1 a\u00f1o (curso de reciclaje anual tras el inicial)<br \/>\n<strong>Normativa<\/strong>: Este curso satisface la formaci\u00f3n para Indiana y Kentucky<\/p>","protected":false},"excerpt":{"rendered":"<p>Aprenda la planificaci\u00f3n de la reducci\u00f3n, la preparaci\u00f3n del emplazamiento, la gesti\u00f3n de proyectos y la supervisi\u00f3n de la seguridad con formaci\u00f3n pr\u00e1ctica para convertirse en supervisor certificado de amianto.<\/p>","protected":false},"featured_media":3722,"template":"","meta":{"_acf_changed":false},"product_brand":[],"product_cat":[17],"product_tag":[],"class_list":{"0":"post-640","1":"product","2":"type-product","3":"status-publish","4":"has-post-thumbnail","6":"product_cat-asbestos","8":"first","9":"instock","10":"sale","11":"virtual","12":"taxable","13":"purchasable","14":"product-type-simple"},"acf":[],"_links":{"self":[{"href":"https:\/\/safecru.com\/es\/wp-json\/wp\/v2\/product\/640","targetHints":{"allow":["GET"]}}],"collection":[{"href":"https:\/\/safecru.com\/es\/wp-json\/wp\/v2\/product"}],"about":[{"href":"https:\/\/safecru.com\/es\/wp-json\/wp\/v2\/types\/product"}],"wp:featuredmedia":[{"embeddable":true,"href":"https:\/\/safecru.com\/es\/wp-json\/wp\/v2\/media\/3722"}],"wp:attachment":[{"href":"https:\/\/safecru.com\/es\/wp-json\/wp\/v2\/media?parent=640"}],"wp:term":[{"taxonomy":"product_brand","embeddable":true,"href":"https:\/\/safecru.com\/es\/wp-json\/wp\/v2\/product_brand?post=640"},{"taxonomy":"product_cat","embeddable":true,"href":"https:\/\/safecru.com\/es\/wp-json\/wp\/v2\/product_cat?post=640"},{"taxonomy":"product_tag","embeddable":true,"href":"https:\/\/safecru.com\/es\/wp-json\/wp\/v2\/product_tag?post=640"}],"curies":[{"name":"wp","href":"https:\/\/api.w.org\/{rel}","templated":true}]}}