{"id":639,"date":"2025-10-10T14:10:10","date_gmt":"2025-10-10T14:10:10","guid":{"rendered":"https:\/\/safecru.com\/?post_type=product&#038;p=639"},"modified":"2026-03-04T14:40:13","modified_gmt":"2026-03-04T14:40:13","slug":"actualizacion-para-trabajadores-del-amianto","status":"publish","type":"product","link":"https:\/\/safecru.com\/es\/curso\/actualizacion-para-trabajadores-del-amianto\/","title":{"rendered":"Actualizaci\u00f3n para trabajadores del amianto"},"content":{"rendered":"<p class=\"font_8 wixui-rich-text__text\">Este curso de actualizaci\u00f3n sobre el amianto, de un d\u00eda de duraci\u00f3n, ofrece un repaso de los temas de reducci\u00f3n del amianto presentados en el Curso Inicial para Trabajadores del Amianto, adem\u00e1s de cualquier cambio o actualizaci\u00f3n de la informaci\u00f3n reglamentaria o de las pr\u00e1cticas de trabajo.<\/p>\n<p><strong>Longitud:\u00a0<\/strong>1 d\u00eda (8 horas)<br \/>\n<strong>Requisitos previos:\u00a0<\/strong>Trabajador de amianto Inicial (32 horas)<br \/>\n<strong>Expiraci\u00f3n:\u00a0<\/strong>1 a\u00f1o<\/p>\n<p><strong>Reglamentaria:\u00a0<\/strong>Indiana y Kentucky acreditaci\u00f3n y puede ser rec\u00edproca a otros estados que toman la EPA aprob\u00f3 programas estatales ran.<\/p>","protected":false},"excerpt":{"rendered":"<p>Cumpla la normativa con una revisi\u00f3n de un d\u00eda de los procedimientos de reducci\u00f3n del amianto, las pr\u00e1cticas de seguridad y la normativa actualizada para trabajadores certificados en amianto.<\/p>","protected":false},"featured_media":3725,"template":"","meta":{"_acf_changed":false},"product_brand":[],"product_cat":[17],"product_tag":[],"class_list":{"0":"post-639","1":"product","2":"type-product","3":"status-publish","4":"has-post-thumbnail","6":"product_cat-asbestos","8":"first","9":"instock","10":"sale","11":"virtual","12":"taxable","13":"purchasable","14":"product-type-simple"},"acf":[],"_links":{"self":[{"href":"https:\/\/safecru.com\/es\/wp-json\/wp\/v2\/product\/639","targetHints":{"allow":["GET"]}}],"collection":[{"href":"https:\/\/safecru.com\/es\/wp-json\/wp\/v2\/product"}],"about":[{"href":"https:\/\/safecru.com\/es\/wp-json\/wp\/v2\/types\/product"}],"wp:featuredmedia":[{"embeddable":true,"href":"https:\/\/safecru.com\/es\/wp-json\/wp\/v2\/media\/3725"}],"wp:attachment":[{"href":"https:\/\/safecru.com\/es\/wp-json\/wp\/v2\/media?parent=639"}],"wp:term":[{"taxonomy":"product_brand","embeddable":true,"href":"https:\/\/safecru.com\/es\/wp-json\/wp\/v2\/product_brand?post=639"},{"taxonomy":"product_cat","embeddable":true,"href":"https:\/\/safecru.com\/es\/wp-json\/wp\/v2\/product_cat?post=639"},{"taxonomy":"product_tag","embeddable":true,"href":"https:\/\/safecru.com\/es\/wp-json\/wp\/v2\/product_tag?post=639"}],"curies":[{"name":"wp","href":"https:\/\/api.w.org\/{rel}","templated":true}]}}