{"id":637,"date":"2025-10-10T14:04:11","date_gmt":"2025-10-10T14:04:11","guid":{"rendered":"https:\/\/safecru.com\/?post_type=product&#038;p=637"},"modified":"2026-03-04T14:42:48","modified_gmt":"2026-03-04T14:42:48","slug":"actualizacion-om-amianto","status":"publish","type":"product","link":"https:\/\/safecru.com\/es\/curso\/actualizacion-om-amianto\/","title":{"rendered":"Actualizaci\u00f3n sobre amianto O&amp;M"},"content":{"rendered":"<p>Este curso condensado de actualizaci\u00f3n de 4 horas refuerza los conocimientos esenciales para las operaciones de amianto de Clase III y los trabajos de mantenimiento. Dise\u00f1ado para los trabajadores que pueden alterar materiales que contienen amianto (ACM) o presuntos ACM durante el mantenimiento general, la sesi\u00f3n revisa las pr\u00e1cticas de seguridad actualizadas, reglamentos y procedimientos de manipulaci\u00f3n adecuados en l\u00ednea con el Plan de Estudios Modelo de la EPA. Perfecto para mantener el cumplimiento y garantizar una protecci\u00f3n continua en el trabajo.<\/p>","protected":false},"excerpt":{"rendered":"<p>Actualice su certificaci\u00f3n de O&amp;M de amianto con pr\u00e1cticas de seguridad, normativas y procedimientos de manipulaci\u00f3n actualizados para mantener la conformidad y proteger a los trabajadores.<\/p>","protected":false},"featured_media":3721,"template":"","meta":{"_acf_changed":false},"product_brand":[],"product_cat":[17],"product_tag":[],"class_list":{"0":"post-637","1":"product","2":"type-product","3":"status-publish","4":"has-post-thumbnail","6":"product_cat-asbestos","8":"first","9":"instock","10":"sale","11":"virtual","12":"taxable","13":"purchasable","14":"product-type-simple"},"acf":[],"_links":{"self":[{"href":"https:\/\/safecru.com\/es\/wp-json\/wp\/v2\/product\/637","targetHints":{"allow":["GET"]}}],"collection":[{"href":"https:\/\/safecru.com\/es\/wp-json\/wp\/v2\/product"}],"about":[{"href":"https:\/\/safecru.com\/es\/wp-json\/wp\/v2\/types\/product"}],"wp:featuredmedia":[{"embeddable":true,"href":"https:\/\/safecru.com\/es\/wp-json\/wp\/v2\/media\/3721"}],"wp:attachment":[{"href":"https:\/\/safecru.com\/es\/wp-json\/wp\/v2\/media?parent=637"}],"wp:term":[{"taxonomy":"product_brand","embeddable":true,"href":"https:\/\/safecru.com\/es\/wp-json\/wp\/v2\/product_brand?post=637"},{"taxonomy":"product_cat","embeddable":true,"href":"https:\/\/safecru.com\/es\/wp-json\/wp\/v2\/product_cat?post=637"},{"taxonomy":"product_tag","embeddable":true,"href":"https:\/\/safecru.com\/es\/wp-json\/wp\/v2\/product_tag?post=637"}],"curies":[{"name":"wp","href":"https:\/\/api.w.org\/{rel}","templated":true}]}}