{"id":575,"date":"2025-10-09T16:56:29","date_gmt":"2025-10-09T16:56:29","guid":{"rendered":"https:\/\/safecru.com\/?post_type=product&#038;p=575"},"modified":"2026-02-26T19:20:44","modified_gmt":"2026-02-26T19:20:44","slug":"supervisor-principal-inicial","status":"publish","type":"product","link":"https:\/\/safecru.com\/es\/curso\/supervisor-principal-inicial\/","title":{"rendered":"Supervisor principal Inicial"},"content":{"rendered":"<p>Este curso de formaci\u00f3n de cuatro d\u00edas est\u00e1 dirigido a quienes supervisan proyectos de reducci\u00f3n del plomo, sigue el plan de estudios de la EPA e incluye actividades pr\u00e1cticas y demostraciones.<\/p>\n<p>Este curso es para el Contratista\/Supervisor que estar\u00e1 supervisando un Proyecto de Reducci\u00f3n de Plomo para reducir el envenenamiento infantil por plomo en Viviendas Construidas antes de 1978. Esta clase prepara al estudiante para reconocer los peligros del plomo, preparar planes para reducir los peligros y supervisar a los trabajadores del plomo y mucho m\u00e1s. Un supervisor certificado puede realizar todas las tareas que puede realizar un trabajador de plomo y, adem\u00e1s, un supervisor es responsable de la seguridad de los ocupantes durante el proceso de reducci\u00f3n y de redactar el plan de reducci\u00f3n. El curso se centra en los procedimientos esenciales de reducci\u00f3n, incluida la preparaci\u00f3n del emplazamiento, la planificaci\u00f3n del contrato, la gesti\u00f3n del proyecto, la ejecuci\u00f3n de la reducci\u00f3n y el mantenimiento de registros. Este taller le prepara para aplicar sus conocimientos sobre el terreno, con una amplia formaci\u00f3n pr\u00e1ctica. Algunos estados exigen que el supervisor de la reducci\u00f3n de plomo est\u00e9 presente en todo momento.<\/p>\n<p><strong>Longitud: <\/strong>4 d\u00edas (32 horas)<br \/>\n<strong>Requisitos previos: <\/strong>Ninguno<br \/>\n<strong>Reglamentaria: <\/strong>Acreditaci\u00f3n de Indiana y Kentucky<\/p>","protected":false},"excerpt":{"rendered":"<p>F\u00f3rmese para supervisar proyectos de reducci\u00f3n del plomo con instrucci\u00f3n aprobada por la EPA, pr\u00e1cticas y orientaci\u00f3n en seguridad, planificaci\u00f3n y gesti\u00f3n de proyectos.<\/p>","protected":false},"featured_media":3728,"template":"","meta":{"_acf_changed":false},"product_brand":[],"product_cat":[18],"product_tag":[],"class_list":{"0":"post-575","1":"product","2":"type-product","3":"status-publish","4":"has-post-thumbnail","6":"product_cat-lead","8":"first","9":"instock","10":"sale","11":"virtual","12":"taxable","13":"purchasable","14":"product-type-simple"},"acf":[],"_links":{"self":[{"href":"https:\/\/safecru.com\/es\/wp-json\/wp\/v2\/product\/575","targetHints":{"allow":["GET"]}}],"collection":[{"href":"https:\/\/safecru.com\/es\/wp-json\/wp\/v2\/product"}],"about":[{"href":"https:\/\/safecru.com\/es\/wp-json\/wp\/v2\/types\/product"}],"wp:featuredmedia":[{"embeddable":true,"href":"https:\/\/safecru.com\/es\/wp-json\/wp\/v2\/media\/3728"}],"wp:attachment":[{"href":"https:\/\/safecru.com\/es\/wp-json\/wp\/v2\/media?parent=575"}],"wp:term":[{"taxonomy":"product_brand","embeddable":true,"href":"https:\/\/safecru.com\/es\/wp-json\/wp\/v2\/product_brand?post=575"},{"taxonomy":"product_cat","embeddable":true,"href":"https:\/\/safecru.com\/es\/wp-json\/wp\/v2\/product_cat?post=575"},{"taxonomy":"product_tag","embeddable":true,"href":"https:\/\/safecru.com\/es\/wp-json\/wp\/v2\/product_tag?post=575"}],"curies":[{"name":"wp","href":"https:\/\/api.w.org\/{rel}","templated":true}]}}