{"id":5288,"date":"2026-05-12T19:14:56","date_gmt":"2026-05-12T19:14:56","guid":{"rendered":"https:\/\/safecru.com\/?post_type=product&#038;p=5288"},"modified":"2026-05-12T19:15:55","modified_gmt":"2026-05-12T19:15:55","slug":"curso-inicial-de-techado","status":"publish","type":"product","link":"https:\/\/safecru.com\/es\/curso\/curso-inicial-de-techado\/","title":{"rendered":"Curso de inicio de techado O&amp;M"},"content":{"rendered":"<p>Este curso, que cumple con las normas de la OSHA, proporciona a los trabajadores de techos y al personal de mantenimiento capacitaci\u00f3n esencial para manejar de manera segura materiales para techos que contienen asbesto durante actividades de reparaci\u00f3n, mantenimiento y renovaci\u00f3n. Dise\u00f1ado para contratistas de techos, trabajadores de mantenimiento y supervisores que realizan actividades de O&amp;M relacionadas con el asbesto.<\/p>","protected":false},"excerpt":{"rendered":"<p>Este curso, que cumple con las normas de la OSHA, proporciona a los trabajadores de techos y al personal de mantenimiento capacitaci\u00f3n esencial para manejar de manera segura materiales para techos que contienen asbesto durante actividades de reparaci\u00f3n, mantenimiento y renovaci\u00f3n. Dise\u00f1ado para contratistas de techos, trabajadores de mantenimiento y supervisores que realizan actividades de O&amp;M relacionadas con el asbesto.<\/p>","protected":false},"featured_media":0,"template":"","meta":{"_acf_changed":false},"product_brand":[],"product_cat":[15],"product_tag":[],"class_list":{"0":"post-5288","1":"product","2":"type-product","3":"status-publish","5":"product_cat-uncategorized","7":"first","8":"instock","9":"sale","10":"taxable","11":"shipping-taxable","12":"purchasable","13":"product-type-simple"},"acf":[],"_links":{"self":[{"href":"https:\/\/safecru.com\/es\/wp-json\/wp\/v2\/product\/5288","targetHints":{"allow":["GET"]}}],"collection":[{"href":"https:\/\/safecru.com\/es\/wp-json\/wp\/v2\/product"}],"about":[{"href":"https:\/\/safecru.com\/es\/wp-json\/wp\/v2\/types\/product"}],"wp:attachment":[{"href":"https:\/\/safecru.com\/es\/wp-json\/wp\/v2\/media?parent=5288"}],"wp:term":[{"taxonomy":"product_brand","embeddable":true,"href":"https:\/\/safecru.com\/es\/wp-json\/wp\/v2\/product_brand?post=5288"},{"taxonomy":"product_cat","embeddable":true,"href":"https:\/\/safecru.com\/es\/wp-json\/wp\/v2\/product_cat?post=5288"},{"taxonomy":"product_tag","embeddable":true,"href":"https:\/\/safecru.com\/es\/wp-json\/wp\/v2\/product_tag?post=5288"}],"curies":[{"name":"wp","href":"https:\/\/api.w.org\/{rel}","templated":true}]}}