{"id":4363,"date":"2026-01-29T18:43:19","date_gmt":"2026-01-29T18:43:19","guid":{"rendered":"https:\/\/safecru.com\/?post_type=product&#038;p=4363"},"modified":"2026-03-02T16:18:41","modified_gmt":"2026-03-02T16:18:41","slug":"trabajador-del-asbesto-fin-de-semana-inicial","status":"publish","type":"product","link":"https:\/\/safecru.com\/es\/curso\/trabajador-del-asbesto-fin-de-semana-inicial\/","title":{"rendered":"Fin de semana inicial para trabajadores del asbesto"},"content":{"rendered":"<p>Este es un curso de capacitaci\u00f3n sobre el asbesto de 4 d\u00edas de duraci\u00f3n, impartido durante dos fines de semana separados, que ofrece una visi\u00f3n general de los procedimientos de eliminaci\u00f3n del asbesto y la protecci\u00f3n de los trabajadores que participan en proyectos de asbesto de clase I y II. Este curso sigue el plan de estudios modelo de la EPA para la capacitaci\u00f3n de trabajadores que manipulan asbesto. (S\u00e1bado y domingo, ambos fines de semana).<\/p>\n<p>Este curso incluye numerosos ejercicios pr\u00e1cticos. Una prueba de ajuste del respirador est\u00e1 disponible por un cargo adicional.<\/p>\n<p><strong>Longitud<\/strong>: 4 d\u00edas (32 horas)<br \/>\n<strong>Requisitos previos<\/strong>: Ninguno<br \/>\n<strong>Caducidad<\/strong>: 1 a\u00f1o (curso de reciclaje anual tras el inicial)<br \/>\n<strong>Normativa<\/strong>: Este curso satisface la formaci\u00f3n para la acreditaci\u00f3n de Indiana y Kentucky, as\u00ed como otros estados aceptados por la EPA.<\/p>","protected":false},"excerpt":{"rendered":"<p>Adquiera conocimientos esenciales sobre la reducci\u00f3n del amianto y la protecci\u00f3n de los trabajadores a trav\u00e9s de la formaci\u00f3n conforme a la EPA para proyectos de amianto de Clase I y II.<\/p>","protected":false},"featured_media":3724,"template":"","meta":{"_acf_changed":false},"product_brand":[],"product_cat":[17],"product_tag":[],"class_list":{"0":"post-4363","1":"product","2":"type-product","3":"status-publish","4":"has-post-thumbnail","6":"product_cat-asbestos","8":"first","9":"instock","10":"sale","11":"taxable","12":"shipping-taxable","13":"purchasable","14":"product-type-simple"},"acf":[],"_links":{"self":[{"href":"https:\/\/safecru.com\/es\/wp-json\/wp\/v2\/product\/4363","targetHints":{"allow":["GET"]}}],"collection":[{"href":"https:\/\/safecru.com\/es\/wp-json\/wp\/v2\/product"}],"about":[{"href":"https:\/\/safecru.com\/es\/wp-json\/wp\/v2\/types\/product"}],"wp:featuredmedia":[{"embeddable":true,"href":"https:\/\/safecru.com\/es\/wp-json\/wp\/v2\/media\/3724"}],"wp:attachment":[{"href":"https:\/\/safecru.com\/es\/wp-json\/wp\/v2\/media?parent=4363"}],"wp:term":[{"taxonomy":"product_brand","embeddable":true,"href":"https:\/\/safecru.com\/es\/wp-json\/wp\/v2\/product_brand?post=4363"},{"taxonomy":"product_cat","embeddable":true,"href":"https:\/\/safecru.com\/es\/wp-json\/wp\/v2\/product_cat?post=4363"},{"taxonomy":"product_tag","embeddable":true,"href":"https:\/\/safecru.com\/es\/wp-json\/wp\/v2\/product_tag?post=4363"}],"curies":[{"name":"wp","href":"https:\/\/api.w.org\/{rel}","templated":true}]}}