{"id":3483,"date":"2025-12-22T14:05:53","date_gmt":"2025-12-22T14:05:53","guid":{"rendered":"https:\/\/safecru.com\/?post_type=product&#038;p=3483"},"modified":"2026-01-09T16:20:46","modified_gmt":"2026-01-09T16:20:46","slug":"usuario-del-andamio-8-h","status":"publish","type":"product","link":"https:\/\/safecru.com\/es\/curso\/usuario-del-andamio-8-h\/","title":{"rendered":"Usuario de andamio 8 h"},"content":{"rendered":"<p>El Curso de Introducci\u00f3n al Andamiaje proporciona una comprensi\u00f3n completa de los principios del andamiaje, las pr\u00e1cticas de seguridad y las habilidades necesarias para trabajar con sistemas de andamiaje. Los participantes aprenden sobre los diferentes tipos de andamios, protocolos de seguridad y t\u00e9cnicas pr\u00e1cticas para montar y desmontar estructuras de andamios. El curso hace hincapi\u00e9 en el cumplimiento de la normativa, los procedimientos de inspecci\u00f3n adecuados y el uso de equipos de protecci\u00f3n individual. Al final, los participantes tendr\u00e1n los conocimientos y habilidades necesarios para contribuir a unas operaciones de andamiaje seguras y eficientes en los proyectos de construcci\u00f3n.<\/p>\n<p><strong>Longitud:<\/strong>\u00a01 d\u00eda (8 horas)<br \/>\n<strong>Requisitos previos:<\/strong>\u00a0Ninguno<br \/>\n<strong>Expiraci\u00f3n:\u00a0<\/strong>Ninguno<br \/>\n<strong>Qui\u00e9n debe asistir:<\/strong>\u00a0Personas que trabajen en andamios o cerca de ellos<br \/>\n<strong>Reglamentaria:\u00a0<\/strong>Esto cumple la norma OSHA 29 CFR 1926.454<\/p>","protected":false},"excerpt":{"rendered":"<p>Aprenda seguridad en andamios, configuraci\u00f3n, inspecci\u00f3n y pr\u00e1cticas de cumplimiento para trabajar de forma segura y eficiente en sistemas de andamios de construcci\u00f3n.<\/p>","protected":false},"featured_media":3734,"template":"","meta":{"_acf_changed":false},"product_brand":[],"product_cat":[20],"product_tag":[],"class_list":{"0":"post-3483","1":"product","2":"type-product","3":"status-publish","4":"has-post-thumbnail","6":"product_cat-scaffolding","8":"first","9":"instock","10":"sale","11":"taxable","12":"shipping-taxable","13":"purchasable","14":"product-type-simple"},"acf":[],"_links":{"self":[{"href":"https:\/\/safecru.com\/es\/wp-json\/wp\/v2\/product\/3483","targetHints":{"allow":["GET"]}}],"collection":[{"href":"https:\/\/safecru.com\/es\/wp-json\/wp\/v2\/product"}],"about":[{"href":"https:\/\/safecru.com\/es\/wp-json\/wp\/v2\/types\/product"}],"wp:featuredmedia":[{"embeddable":true,"href":"https:\/\/safecru.com\/es\/wp-json\/wp\/v2\/media\/3734"}],"wp:attachment":[{"href":"https:\/\/safecru.com\/es\/wp-json\/wp\/v2\/media?parent=3483"}],"wp:term":[{"taxonomy":"product_brand","embeddable":true,"href":"https:\/\/safecru.com\/es\/wp-json\/wp\/v2\/product_brand?post=3483"},{"taxonomy":"product_cat","embeddable":true,"href":"https:\/\/safecru.com\/es\/wp-json\/wp\/v2\/product_cat?post=3483"},{"taxonomy":"product_tag","embeddable":true,"href":"https:\/\/safecru.com\/es\/wp-json\/wp\/v2\/product_tag?post=3483"}],"curies":[{"name":"wp","href":"https:\/\/api.w.org\/{rel}","templated":true}]}}