{"id":3480,"date":"2025-12-22T13:57:24","date_gmt":"2025-12-22T13:57:24","guid":{"rendered":"https:\/\/safecru.com\/?post_type=product&#038;p=3480"},"modified":"2026-03-04T14:20:59","modified_gmt":"2026-03-04T14:20:59","slug":"hazwoper-40-inicial","status":"publish","type":"product","link":"https:\/\/safecru.com\/es\/curso\/hazwoper-40-inicial\/","title":{"rendered":"HAZWOPER 40 Inicial"},"content":{"rendered":"<p>Este curso de formaci\u00f3n de cinco d\u00edas, exigido por OSHA 29 CFR 1910.120, est\u00e1 dise\u00f1ado para personas que trabajan en lugares de limpieza de residuos peligrosos no controlados. Este curso proporciona las 40 horas requeridas de instrucci\u00f3n que incluye ejercicios pr\u00e1cticos para permitir a los participantes la oportunidad de familiarizarse y sentirse c\u00f3modos con el equipo y los procedimientos.<\/p>\n<p>Los empleados que trabajen con residuos en general y que puedan estar expuestos a sustancias peligrosas (operadores de equipos, obreros, personal de supervisi\u00f3n), operaciones de limpieza voluntarias o de emergencia, trabajadores responsables de la limpieza, almacenamiento o eliminaci\u00f3n de materiales peligrosos, deben realizar este curso.<\/p>\n<p><strong>Longitud<\/strong>: 5 d\u00edas (40 horas)<br \/>\n<strong>Caducidad<\/strong>: 1 a\u00f1o<br \/>\n<strong>Requisitos previos<\/strong>: Ninguno<\/p>","protected":false},"excerpt":{"rendered":"<p>Adquiera las habilidades esenciales para trabajar en un vertedero de residuos peligrosos con 40 horas de formaci\u00f3n conforme a la OSHA, ejercicios pr\u00e1cticos y procedimientos de seguridad.<\/p>","protected":false},"featured_media":3726,"template":"","meta":{"_acf_changed":false},"product_brand":[],"product_cat":[21],"product_tag":[],"class_list":{"0":"post-3480","1":"product","2":"type-product","3":"status-publish","4":"has-post-thumbnail","6":"product_cat-misc","8":"first","9":"instock","10":"sale","11":"taxable","12":"shipping-taxable","13":"purchasable","14":"product-type-simple"},"acf":[],"_links":{"self":[{"href":"https:\/\/safecru.com\/es\/wp-json\/wp\/v2\/product\/3480","targetHints":{"allow":["GET"]}}],"collection":[{"href":"https:\/\/safecru.com\/es\/wp-json\/wp\/v2\/product"}],"about":[{"href":"https:\/\/safecru.com\/es\/wp-json\/wp\/v2\/types\/product"}],"wp:featuredmedia":[{"embeddable":true,"href":"https:\/\/safecru.com\/es\/wp-json\/wp\/v2\/media\/3726"}],"wp:attachment":[{"href":"https:\/\/safecru.com\/es\/wp-json\/wp\/v2\/media?parent=3480"}],"wp:term":[{"taxonomy":"product_brand","embeddable":true,"href":"https:\/\/safecru.com\/es\/wp-json\/wp\/v2\/product_brand?post=3480"},{"taxonomy":"product_cat","embeddable":true,"href":"https:\/\/safecru.com\/es\/wp-json\/wp\/v2\/product_cat?post=3480"},{"taxonomy":"product_tag","embeddable":true,"href":"https:\/\/safecru.com\/es\/wp-json\/wp\/v2\/product_tag?post=3480"}],"curies":[{"name":"wp","href":"https:\/\/api.w.org\/{rel}","templated":true}]}}