{"id":3479,"date":"2025-12-22T13:55:06","date_gmt":"2025-12-22T13:55:06","guid":{"rendered":"https:\/\/safecru.com\/?post_type=product&#038;p=3479"},"modified":"2026-04-13T18:21:24","modified_gmt":"2026-04-13T18:21:24","slug":"actualizacion-de-la-rrp","status":"publish","type":"product","link":"https:\/\/safecru.com\/es\/curso\/actualizacion-de-la-rrp\/","title":{"rendered":"Precio de venta recomendado\/Curso de actualizaci\u00f3n para renovadores de plomo"},"content":{"rendered":"<p data-start=\"131\" data-end=\"331\">Este curso de actualizaci\u00f3n de 4 horas est\u00e1 dirigido a renovadores certificados que necesitan renovar sus credenciales para trabajar en hogares e instalaciones ocupadas por ni\u00f1os construidas antes de 1978 donde puede haber pintura a base de plomo.<\/p>\n<p data-start=\"540\" data-end=\"826\">Este curso revisa las pr\u00e1cticas esenciales de trabajo seguro con plomo, las actualizaciones regulatorias y las responsabilidades de cumplimiento. La capacitaci\u00f3n se lleva a cabo de acuerdo con la Secci\u00f3n 402 de la Ley de Control de Sustancias T\u00f3xicas (TSCA) y la Regla de Renovaci\u00f3n, Reparaci\u00f3n y Pintura (RRP) de la EPA (40 CFR Parte 745).<\/p>\n<p data-start=\"828\" data-end=\"1033\">La finalizaci\u00f3n exitosa cumple con los requisitos de capacitaci\u00f3n de actualizaci\u00f3n para mantener la certificaci\u00f3n activa. La certificaci\u00f3n debe renovarse cada 5 a\u00f1os para seguir cumpliendo.<\/p>\n<p><strong>Longitud<\/strong>: 4 horas<br \/>\n<strong>Requisitos previos<\/strong>: Ninguno<br \/>\n<strong>Normativa<\/strong>: EPA federal<\/p>","protected":false},"excerpt":{"rendered":"<p>Actualice su certificaci\u00f3n RRP de la EPA con las \u00faltimas pr\u00e1cticas de trabajo seguras con el plomo y las actualizaciones de cumplimiento para la renovaci\u00f3n y reparaci\u00f3n en edificios anteriores a 1978.<\/p>","protected":false},"featured_media":3737,"template":"","meta":{"_acf_changed":false},"product_brand":[],"product_cat":[18],"product_tag":[],"class_list":{"0":"post-3479","1":"product","2":"type-product","3":"status-publish","4":"has-post-thumbnail","6":"product_cat-lead","8":"first","9":"instock","10":"sale","11":"taxable","12":"shipping-taxable","13":"purchasable","14":"product-type-simple"},"acf":[],"_links":{"self":[{"href":"https:\/\/safecru.com\/es\/wp-json\/wp\/v2\/product\/3479","targetHints":{"allow":["GET"]}}],"collection":[{"href":"https:\/\/safecru.com\/es\/wp-json\/wp\/v2\/product"}],"about":[{"href":"https:\/\/safecru.com\/es\/wp-json\/wp\/v2\/types\/product"}],"wp:featuredmedia":[{"embeddable":true,"href":"https:\/\/safecru.com\/es\/wp-json\/wp\/v2\/media\/3737"}],"wp:attachment":[{"href":"https:\/\/safecru.com\/es\/wp-json\/wp\/v2\/media?parent=3479"}],"wp:term":[{"taxonomy":"product_brand","embeddable":true,"href":"https:\/\/safecru.com\/es\/wp-json\/wp\/v2\/product_brand?post=3479"},{"taxonomy":"product_cat","embeddable":true,"href":"https:\/\/safecru.com\/es\/wp-json\/wp\/v2\/product_cat?post=3479"},{"taxonomy":"product_tag","embeddable":true,"href":"https:\/\/safecru.com\/es\/wp-json\/wp\/v2\/product_tag?post=3479"}],"curies":[{"name":"wp","href":"https:\/\/api.w.org\/{rel}","templated":true}]}}