{"id":3478,"date":"2025-12-22T13:53:36","date_gmt":"2025-12-22T13:53:36","guid":{"rendered":"https:\/\/safecru.com\/?post_type=product&#038;p=3478"},"modified":"2026-04-13T18:10:43","modified_gmt":"2026-04-13T18:10:43","slug":"rrp-inicial","status":"publish","type":"product","link":"https:\/\/safecru.com\/es\/curso\/rrp-inicial\/","title":{"rendered":"PVP\/ Renovador principal inicial"},"content":{"rendered":"<p data-start=\"144\" data-end=\"342\">Este curso de 8 horas est\u00e1 dise\u00f1ado para contratistas y trabajadores que realizan renovaciones, reparaciones o pintura en viviendas e instalaciones ocupadas por ni\u00f1os construidas antes de 1978 donde podr\u00eda haber pintura a base de plomo.<\/p>\n<p data-start=\"344\" data-end=\"495\">Esta capacitaci\u00f3n est\u00e1 regulada por la Agencia de Protecci\u00f3n Ambiental (EPA). Este curso califica a los participantes para convertirse en un renovador certificado.<\/p>\n<p data-start=\"497\" data-end=\"780\">Los estudiantes aprender\u00e1n pr\u00e1cticas de trabajo seguras en cuanto al plomo, incluyendo contenci\u00f3n, limpieza y requisitos de cumplimiento. La capacitaci\u00f3n se imparte de acuerdo con <strong data-start=\"645\" data-end=\"703\">Secci\u00f3n 402 de la Ley de Control de Sustancias T\u00f3xicas (TSCA)<\/strong> y el <strong data-start=\"712\" data-end=\"779\">Regla de Renovaci\u00f3n, Reparaci\u00f3n y Pintura (RRP) de la EPA, 40 CFR Parte 745<\/strong>.<\/p>\n<p data-start=\"782\" data-end=\"957\">Al completar satisfactoriamente, la certificaci\u00f3n es v\u00e1lida por <strong data-start=\"837\" data-end=\"848\">5 a\u00f1os<\/strong>.<\/p>\n<p><strong>Longitud<\/strong>: 1 d\u00eda (8 horas)<br \/>\n<strong>Requisitos previos<\/strong>: Ninguno<br \/>\n<strong>Normativa<\/strong>: EPA federal<\/p>","protected":false},"excerpt":{"rendered":"<p>Obtenga la certificaci\u00f3n para realizar renovaciones, reparaciones y trabajos de pintura seguros con el plomo en edificios anteriores a 1978 con la formaci\u00f3n RRP para contratistas aprobada por la EPA.<\/p>","protected":false},"featured_media":3736,"template":"","meta":{"_acf_changed":false},"product_brand":[],"product_cat":[18],"product_tag":[],"class_list":{"0":"post-3478","1":"product","2":"type-product","3":"status-publish","4":"has-post-thumbnail","6":"product_cat-lead","8":"first","9":"instock","10":"sale","11":"taxable","12":"shipping-taxable","13":"purchasable","14":"product-type-simple"},"acf":[],"_links":{"self":[{"href":"https:\/\/safecru.com\/es\/wp-json\/wp\/v2\/product\/3478","targetHints":{"allow":["GET"]}}],"collection":[{"href":"https:\/\/safecru.com\/es\/wp-json\/wp\/v2\/product"}],"about":[{"href":"https:\/\/safecru.com\/es\/wp-json\/wp\/v2\/types\/product"}],"wp:featuredmedia":[{"embeddable":true,"href":"https:\/\/safecru.com\/es\/wp-json\/wp\/v2\/media\/3736"}],"wp:attachment":[{"href":"https:\/\/safecru.com\/es\/wp-json\/wp\/v2\/media?parent=3478"}],"wp:term":[{"taxonomy":"product_brand","embeddable":true,"href":"https:\/\/safecru.com\/es\/wp-json\/wp\/v2\/product_brand?post=3478"},{"taxonomy":"product_cat","embeddable":true,"href":"https:\/\/safecru.com\/es\/wp-json\/wp\/v2\/product_cat?post=3478"},{"taxonomy":"product_tag","embeddable":true,"href":"https:\/\/safecru.com\/es\/wp-json\/wp\/v2\/product_tag?post=3478"}],"curies":[{"name":"wp","href":"https:\/\/api.w.org\/{rel}","templated":true}]}}