{"id":3477,"date":"2025-12-22T13:50:22","date_gmt":"2025-12-22T13:50:22","guid":{"rendered":"https:\/\/safecru.com\/?post_type=product&#038;p=3477"},"modified":"2026-01-09T16:16:11","modified_gmt":"2026-01-09T16:16:11","slug":"concienciacion-sobre-el-plomo-2hr","status":"publish","type":"product","link":"https:\/\/safecru.com\/es\/curso\/concienciacion-sobre-el-plomo-2hr\/","title":{"rendered":"Concienciaci\u00f3n sobre el plomo - 2hr"},"content":{"rendered":"<p>Este curso de 2 horas repasar\u00e1 t\u00e9rminos y definiciones clave, formas en que el plomo puede entrar en el cuerpo, s\u00edntomas de sobreexposici\u00f3n y exposici\u00f3n al plomo en la industria de la construcci\u00f3n. Este curso sigue la norma sobre el plomo 29 CFR 1926.62<\/p>\n<p><strong>Longitud<\/strong>2 horas<br \/>\n<strong>Requisitos previos<\/strong>: Ninguno<\/p>","protected":false},"excerpt":{"rendered":"<p>Aprenda c\u00f3mo se produce la exposici\u00f3n al plomo, sus efectos sobre la salud y las pr\u00e1cticas de seguridad para reducir el riesgo en cumplimiento de la norma 29 CFR 1926.62 de la OSHA.<\/p>","protected":false},"featured_media":3727,"template":"","meta":{"_acf_changed":false},"product_brand":[],"product_cat":[18],"product_tag":[],"class_list":{"0":"post-3477","1":"product","2":"type-product","3":"status-publish","4":"has-post-thumbnail","6":"product_cat-lead","8":"first","9":"instock","10":"sale","11":"taxable","12":"shipping-taxable","13":"purchasable","14":"product-type-simple"},"acf":[],"_links":{"self":[{"href":"https:\/\/safecru.com\/es\/wp-json\/wp\/v2\/product\/3477","targetHints":{"allow":["GET"]}}],"collection":[{"href":"https:\/\/safecru.com\/es\/wp-json\/wp\/v2\/product"}],"about":[{"href":"https:\/\/safecru.com\/es\/wp-json\/wp\/v2\/types\/product"}],"wp:featuredmedia":[{"embeddable":true,"href":"https:\/\/safecru.com\/es\/wp-json\/wp\/v2\/media\/3727"}],"wp:attachment":[{"href":"https:\/\/safecru.com\/es\/wp-json\/wp\/v2\/media?parent=3477"}],"wp:term":[{"taxonomy":"product_brand","embeddable":true,"href":"https:\/\/safecru.com\/es\/wp-json\/wp\/v2\/product_brand?post=3477"},{"taxonomy":"product_cat","embeddable":true,"href":"https:\/\/safecru.com\/es\/wp-json\/wp\/v2\/product_cat?post=3477"},{"taxonomy":"product_tag","embeddable":true,"href":"https:\/\/safecru.com\/es\/wp-json\/wp\/v2\/product_tag?post=3477"}],"curies":[{"name":"wp","href":"https:\/\/api.w.org\/{rel}","templated":true}]}}