{"id":3476,"date":"2025-12-22T13:46:45","date_gmt":"2025-12-22T13:46:45","guid":{"rendered":"https:\/\/safecru.com\/?post_type=product&#038;p=3476"},"modified":"2026-03-02T21:07:29","modified_gmt":"2026-03-02T21:07:29","slug":"actualizacion-para-trabajadores-principales","status":"publish","type":"product","link":"https:\/\/safecru.com\/es\/curso\/actualizacion-para-trabajadores-principales\/","title":{"rendered":"Actualizaci\u00f3n del trabajador principal"},"content":{"rendered":"<p>Curso de formaci\u00f3n de refresco de un d\u00eda que proporciona una revisi\u00f3n de los temas presentados en el Curso Inicial para Trabajadores de Reducci\u00f3n de Plomo, cubriendo cualquier cambio en la informaci\u00f3n reglamentaria y en las pr\u00e1cticas de trabajo.<\/p>\n<p>Acreditado en Indiana y Kentucky<\/p>\n<p>Este curso debe ser realizado por personas que deseen actualizar su certificaci\u00f3n actual de formaci\u00f3n de trabajadores para la reducci\u00f3n del plomo antes de su caducidad.<\/p>\n<p><strong>Longitud:<\/strong> 8 horas<br \/>\n<strong>Requisitos previos<\/strong>: Curso Inicial de Reducci\u00f3n de Plomo<\/p>","protected":false},"excerpt":{"rendered":"<p>Renueve su certificaci\u00f3n de trabajador de reducci\u00f3n de plomo con reglamentos actualizados, pr\u00e1cticas de seguridad y procedimientos en este curso de actualizaci\u00f3n de un d\u00eda.<\/p>","protected":false},"featured_media":3731,"template":"","meta":{"_acf_changed":false},"product_brand":[],"product_cat":[18],"product_tag":[],"class_list":{"0":"post-3476","1":"product","2":"type-product","3":"status-publish","4":"has-post-thumbnail","6":"product_cat-lead","8":"first","9":"instock","10":"sale","11":"taxable","12":"shipping-taxable","13":"purchasable","14":"product-type-simple"},"acf":[],"_links":{"self":[{"href":"https:\/\/safecru.com\/es\/wp-json\/wp\/v2\/product\/3476","targetHints":{"allow":["GET"]}}],"collection":[{"href":"https:\/\/safecru.com\/es\/wp-json\/wp\/v2\/product"}],"about":[{"href":"https:\/\/safecru.com\/es\/wp-json\/wp\/v2\/types\/product"}],"wp:featuredmedia":[{"embeddable":true,"href":"https:\/\/safecru.com\/es\/wp-json\/wp\/v2\/media\/3731"}],"wp:attachment":[{"href":"https:\/\/safecru.com\/es\/wp-json\/wp\/v2\/media?parent=3476"}],"wp:term":[{"taxonomy":"product_brand","embeddable":true,"href":"https:\/\/safecru.com\/es\/wp-json\/wp\/v2\/product_brand?post=3476"},{"taxonomy":"product_cat","embeddable":true,"href":"https:\/\/safecru.com\/es\/wp-json\/wp\/v2\/product_cat?post=3476"},{"taxonomy":"product_tag","embeddable":true,"href":"https:\/\/safecru.com\/es\/wp-json\/wp\/v2\/product_tag?post=3476"}],"curies":[{"name":"wp","href":"https:\/\/api.w.org\/{rel}","templated":true}]}}