{"id":3474,"date":"2025-12-22T13:41:40","date_gmt":"2025-12-22T13:41:40","guid":{"rendered":"https:\/\/safecru.com\/?post_type=product&#038;p=3474"},"modified":"2026-03-04T14:23:14","modified_gmt":"2026-03-04T14:23:14","slug":"actualizacion-para-supervisores-principales","status":"publish","type":"product","link":"https:\/\/safecru.com\/es\/curso\/actualizacion-para-supervisores-principales\/","title":{"rendered":"Actualizaci\u00f3n para Supervisores L\u00edderes"},"content":{"rendered":"<p>Supervisor de Reducci\u00f3n de Plomo Esta capacitaci\u00f3n de Actualizaci\u00f3n de Supervisor de Reducci\u00f3n de Plomo (8 horas) es para el Supervisor de Reducci\u00f3n de Plomo actual que supervisa Proyectos de Reducci\u00f3n de Plomo en Viviendas Objetivo (vivienda objetivo es cualquier casa anterior a 1978 con excepciones) esta clase proporciona cualquier actualizaci\u00f3n al programa sobre las pautas regulatorias estatales\/federales. Un supervisor certificado puede realizar todas las tareas que puede realizar un trabajador con plomo y, adem\u00e1s, es responsable de la seguridad de los ocupantes durante el proceso de reducci\u00f3n y de redactar el plan de reducci\u00f3n. El curso se centra en los procedimientos esenciales de reducci\u00f3n, incluida la preparaci\u00f3n del emplazamiento, la planificaci\u00f3n del contrato, la gesti\u00f3n del proyecto, la ejecuci\u00f3n de la reducci\u00f3n y el mantenimiento de registros. Este taller le prepara para aplicar sus conocimientos sobre el terreno, con una amplia formaci\u00f3n pr\u00e1ctica. Algunos estados exigen que el supervisor de la reducci\u00f3n de plomo est\u00e9 presente en todo momento.<\/p>\n<p><strong>Longitud<\/strong>: 1 d\u00eda (8 horas)<br \/>\n<strong>Requisitos previos<\/strong>: Curso inicial de supervisor jefe (40 horas)<br \/>\n<strong>Caducidad<\/strong>: 5 a\u00f1os<\/p>\n<p><strong>Normativa<\/strong>: Acreditaci\u00f3n de Indiana y Kentucky<\/p>","protected":false},"excerpt":{"rendered":"<p>Actualice su certificaci\u00f3n en reducci\u00f3n del plomo con las \u00faltimas normativas federales y estatales, normas de seguridad y pr\u00e1cticas de gesti\u00f3n de proyectos.<\/p>","protected":false},"featured_media":3729,"template":"","meta":{"_acf_changed":false},"product_brand":[],"product_cat":[18],"product_tag":[],"class_list":{"0":"post-3474","1":"product","2":"type-product","3":"status-publish","4":"has-post-thumbnail","6":"product_cat-lead","8":"first","9":"instock","10":"sale","11":"taxable","12":"shipping-taxable","13":"purchasable","14":"product-type-simple"},"acf":[],"_links":{"self":[{"href":"https:\/\/safecru.com\/es\/wp-json\/wp\/v2\/product\/3474","targetHints":{"allow":["GET"]}}],"collection":[{"href":"https:\/\/safecru.com\/es\/wp-json\/wp\/v2\/product"}],"about":[{"href":"https:\/\/safecru.com\/es\/wp-json\/wp\/v2\/types\/product"}],"wp:featuredmedia":[{"embeddable":true,"href":"https:\/\/safecru.com\/es\/wp-json\/wp\/v2\/media\/3729"}],"wp:attachment":[{"href":"https:\/\/safecru.com\/es\/wp-json\/wp\/v2\/media?parent=3474"}],"wp:term":[{"taxonomy":"product_brand","embeddable":true,"href":"https:\/\/safecru.com\/es\/wp-json\/wp\/v2\/product_brand?post=3474"},{"taxonomy":"product_cat","embeddable":true,"href":"https:\/\/safecru.com\/es\/wp-json\/wp\/v2\/product_cat?post=3474"},{"taxonomy":"product_tag","embeddable":true,"href":"https:\/\/safecru.com\/es\/wp-json\/wp\/v2\/product_tag?post=3474"}],"curies":[{"name":"wp","href":"https:\/\/api.w.org\/{rel}","templated":true}]}}