{"id":3472,"date":"2025-12-22T13:28:40","date_gmt":"2025-12-22T13:28:40","guid":{"rendered":"https:\/\/safecru.com\/?post_type=product&#038;p=3472"},"modified":"2026-01-08T21:22:51","modified_gmt":"2026-01-08T21:22:51","slug":"sensibilizacion-sobre-el-amianto-2-h","status":"publish","type":"product","link":"https:\/\/safecru.com\/es\/curso\/sensibilizacion-sobre-el-amianto-2-h\/","title":{"rendered":"Concienciaci\u00f3n sobre el amianto-2 horas"},"content":{"rendered":"<p>Este curso de sensibilizaci\u00f3n sobre el amianto proporciona una comprensi\u00f3n b\u00e1sica del amianto, sus peligros y la capacidad de identificar materiales que contienen amianto (ACM) en el lugar de trabajo.<\/p>","protected":false},"excerpt":{"rendered":"<p>Aprenda a identificar los materiales que contienen amianto y a comprender los peligros asociados para promover un lugar de trabajo m\u00e1s seguro e informado.<\/p>","protected":false},"featured_media":3719,"template":"","meta":{"_acf_changed":false},"product_brand":[],"product_cat":[17],"product_tag":[],"class_list":{"0":"post-3472","1":"product","2":"type-product","3":"status-publish","4":"has-post-thumbnail","6":"product_cat-asbestos","8":"first","9":"instock","10":"sale","11":"taxable","12":"shipping-taxable","13":"purchasable","14":"product-type-simple"},"acf":[],"_links":{"self":[{"href":"https:\/\/safecru.com\/es\/wp-json\/wp\/v2\/product\/3472","targetHints":{"allow":["GET"]}}],"collection":[{"href":"https:\/\/safecru.com\/es\/wp-json\/wp\/v2\/product"}],"about":[{"href":"https:\/\/safecru.com\/es\/wp-json\/wp\/v2\/types\/product"}],"wp:featuredmedia":[{"embeddable":true,"href":"https:\/\/safecru.com\/es\/wp-json\/wp\/v2\/media\/3719"}],"wp:attachment":[{"href":"https:\/\/safecru.com\/es\/wp-json\/wp\/v2\/media?parent=3472"}],"wp:term":[{"taxonomy":"product_brand","embeddable":true,"href":"https:\/\/safecru.com\/es\/wp-json\/wp\/v2\/product_brand?post=3472"},{"taxonomy":"product_cat","embeddable":true,"href":"https:\/\/safecru.com\/es\/wp-json\/wp\/v2\/product_cat?post=3472"},{"taxonomy":"product_tag","embeddable":true,"href":"https:\/\/safecru.com\/es\/wp-json\/wp\/v2\/product_tag?post=3472"}],"curies":[{"name":"wp","href":"https:\/\/api.w.org\/{rel}","templated":true}]}}