{"id":3469,"date":"2025-12-22T13:12:32","date_gmt":"2025-12-22T13:12:32","guid":{"rendered":"https:\/\/safecru.com\/?post_type=product&#038;p=3469"},"modified":"2026-03-04T14:36:58","modified_gmt":"2026-03-04T14:36:58","slug":"actualizacion-para-supervisores-de-amianto","status":"publish","type":"product","link":"https:\/\/safecru.com\/es\/curso\/actualizacion-para-supervisores-de-amianto\/","title":{"rendered":"Actualizaci\u00f3n para supervisores de amianto"},"content":{"rendered":"<p>Este curso de actualizaci\u00f3n de 1 d\u00eda para supervisores de amianto proporciona una revisi\u00f3n de los temas de reducci\u00f3n de amianto que se presentaron en el curso inicial para supervisores de amianto, adem\u00e1s de cubrir cualquier cambio o actualizaci\u00f3n normativa para las pr\u00e1cticas de trabajo.<br \/>\nEste curso incluye numerosos ejercicios pr\u00e1cticos. Una prueba de ajuste del respirador est\u00e1 disponible por un cargo adicional.<\/p>\n<p><strong>Longitud<\/strong>: 1 d\u00edas (8 horas)<br \/>\n<strong>Requisitos previos<\/strong>: Curso inicial de supervisor de amianto<br \/>\n<strong>Caducidad<\/strong>: 1 a\u00f1o (curso de reciclaje anual tras el inicial)<br \/>\n<strong>Normativa<\/strong>: Este curso satisface la formaci\u00f3n para la acreditaci\u00f3n de Indiana y Kentucky, as\u00ed como otros estados aceptados por la EPA.<\/p>","protected":false},"excerpt":{"rendered":"<p>Actualice sus conocimientos sobre la reducci\u00f3n del amianto con normativa actualizada, formaci\u00f3n pr\u00e1ctica y repaso pr\u00e1ctico de la seguridad para supervisores certificados.<\/p>","protected":false},"featured_media":3723,"template":"","meta":{"_acf_changed":false},"product_brand":[],"product_cat":[17],"product_tag":[],"class_list":{"0":"post-3469","1":"product","2":"type-product","3":"status-publish","4":"has-post-thumbnail","6":"product_cat-asbestos","8":"first","9":"instock","10":"sale","11":"taxable","12":"shipping-taxable","13":"purchasable","14":"product-type-simple"},"acf":[],"_links":{"self":[{"href":"https:\/\/safecru.com\/es\/wp-json\/wp\/v2\/product\/3469","targetHints":{"allow":["GET"]}}],"collection":[{"href":"https:\/\/safecru.com\/es\/wp-json\/wp\/v2\/product"}],"about":[{"href":"https:\/\/safecru.com\/es\/wp-json\/wp\/v2\/types\/product"}],"wp:featuredmedia":[{"embeddable":true,"href":"https:\/\/safecru.com\/es\/wp-json\/wp\/v2\/media\/3723"}],"wp:attachment":[{"href":"https:\/\/safecru.com\/es\/wp-json\/wp\/v2\/media?parent=3469"}],"wp:term":[{"taxonomy":"product_brand","embeddable":true,"href":"https:\/\/safecru.com\/es\/wp-json\/wp\/v2\/product_brand?post=3469"},{"taxonomy":"product_cat","embeddable":true,"href":"https:\/\/safecru.com\/es\/wp-json\/wp\/v2\/product_cat?post=3469"},{"taxonomy":"product_tag","embeddable":true,"href":"https:\/\/safecru.com\/es\/wp-json\/wp\/v2\/product_tag?post=3469"}],"curies":[{"name":"wp","href":"https:\/\/api.w.org\/{rel}","templated":true}]}}