{"id":4463,"date":"2026-02-10T14:25:30","date_gmt":"2026-02-10T14:25:30","guid":{"rendered":"https:\/\/safecru.com\/?page_id=4463"},"modified":"2026-02-12T11:57:29","modified_gmt":"2026-02-12T11:57:29","slug":"politica-de-reembolso","status":"publish","type":"page","link":"https:\/\/safecru.com\/es\/politica-de-reembolso\/","title":{"rendered":"Pol\u00edtica de reembolso"},"content":{"rendered":"<p><strong>\u00daltima actualizaci\u00f3n:<\/strong> 01\/09\/2026<\/p>\n\n\n\n<p>Entendemos que los planes pueden cambiar, y nuestro objetivo es que los cambios de fecha o las cancelaciones sean lo m\u00e1s justos y sencillos posible. Por favor, revise nuestra pol\u00edtica a continuaci\u00f3n.<\/p>\n\n\n\n<p>El dep\u00f3sito de $75 y todas las tasas de tramitaci\u00f3n no son reembolsables. Se permite un \u00fanico cambio de fecha con un m\u00ednimo de 48 horas de antelaci\u00f3n antes de la hora de inicio de la clase.<\/p>\n\n\n\n<p><strong>Reprogramaci\u00f3n del curso<\/strong><\/p>\n\n\n\n<p>En caso de emergencia o circunstancias inevitables, p\u00f3ngase en contacto con nosotros lo antes posible para discutir su situaci\u00f3n y reprogramar un pr\u00f3ximo curso con <strong>Academia SafeCru<\/strong> en cualquiera de nuestras sedes.<\/p>\n\n\n\n<p><strong>Tramitaci\u00f3n de devoluciones<\/strong><\/p>\n\n\n\n<p>Los reembolsos por cancelaciones efectuadas dentro del plazo de la pol\u00edtica de cancelaci\u00f3n se tramitar\u00e1n en un plazo de <strong>7 d\u00edas laborables<\/strong> a la forma de pago original.<\/p>\n\n\n\n<p>Si tiene alguna pregunta o duda, no dude en ponerse en contacto con nosotros.<\/p>\n\n\n\n<p>\u00a1Gracias por su comprensi\u00f3n y cooperaci\u00f3n!<\/p>","protected":false},"excerpt":{"rendered":"<p>Last Updated: 01\/09\/2026 We understand that plans can change, and our goal is to make rescheduling or cancellations as fair and straightforward as possible. Please review our policy below. The $75 deposit and all processing fees are non-refundable. A one-time reschedule is permitted with a minimum of 48 hours\u2019 advance notice prior to the class [&hellip;]<\/p>","protected":false},"author":1,"featured_media":0,"parent":0,"menu_order":0,"comment_status":"closed","ping_status":"closed","template":"","meta":{"_acf_changed":false,"footnotes":""},"class_list":["post-4463","page","type-page","status-publish","hentry"],"acf":[],"_links":{"self":[{"href":"https:\/\/safecru.com\/es\/wp-json\/wp\/v2\/pages\/4463","targetHints":{"allow":["GET"]}}],"collection":[{"href":"https:\/\/safecru.com\/es\/wp-json\/wp\/v2\/pages"}],"about":[{"href":"https:\/\/safecru.com\/es\/wp-json\/wp\/v2\/types\/page"}],"author":[{"embeddable":true,"href":"https:\/\/safecru.com\/es\/wp-json\/wp\/v2\/users\/1"}],"replies":[{"embeddable":true,"href":"https:\/\/safecru.com\/es\/wp-json\/wp\/v2\/comments?post=4463"}],"version-history":[{"count":4,"href":"https:\/\/safecru.com\/es\/wp-json\/wp\/v2\/pages\/4463\/revisions"}],"predecessor-version":[{"id":4506,"href":"https:\/\/safecru.com\/es\/wp-json\/wp\/v2\/pages\/4463\/revisions\/4506"}],"wp:attachment":[{"href":"https:\/\/safecru.com\/es\/wp-json\/wp\/v2\/media?parent=4463"}],"curies":[{"name":"wp","href":"https:\/\/api.w.org\/{rel}","templated":true}]}}