{"id":3845,"date":"2026-01-09T16:34:02","date_gmt":"2026-01-09T16:34:02","guid":{"rendered":"https:\/\/safecru.com\/?page_id=3845"},"modified":"2026-01-10T23:39:05","modified_gmt":"2026-01-10T23:39:05","slug":"politica-de-cookies","status":"publish","type":"page","link":"https:\/\/safecru.com\/es\/politica-de-cookies\/","title":{"rendered":"Pol\u00edtica de cookies"},"content":{"rendered":"<p><strong>\u00daltima actualizaci\u00f3n:<\/strong> 01\/09\/2026<\/p>\n\n\n\n<p>SafeCru utiliza cookies para mejorar la funcionalidad del sitio web, el rendimiento y la experiencia del usuario.<\/p>\n\n\n\n<p><strong>\u00bfQu\u00e9 son las cookies?<\/strong><\/p>\n\n\n\n<p>Las cookies son peque\u00f1os archivos de texto que se almacenan en su dispositivo cuando visita un sitio web.<\/p>\n\n\n\n<p><strong>Tipos de cookies que utilizamos<\/strong><\/p>\n\n\n\n<ul class=\"wp-block-list\">\n<li><strong>Galletas esenciales<\/strong> - Necesario para la funcionalidad b\u00e1sica del sitio<\/li>\n\n\n\n<li><strong>Cookies anal\u00edticas<\/strong> - Ay\u00fadenos a comprender el uso y el rendimiento del sitio<\/li>\n\n\n\n<li><strong>Cookies de marketing<\/strong> - Se utiliza para publicidad y remarketing<\/li>\n<\/ul>\n\n\n\n<p><strong>Gesti\u00f3n de cookies<\/strong><\/p>\n\n\n\n<p>Puede gestionar o desactivar las cookies a trav\u00e9s de la configuraci\u00f3n de su navegador. Deshabilitar las cookies puede afectar a determinadas funciones del sitio web.<\/p>\n\n\n\n<p>Para m\u00e1s informaci\u00f3n sobre el tratamiento de datos personales, consulte nuestra Pol\u00edtica de privacidad.<\/p>","protected":false},"excerpt":{"rendered":"<p>Last Updated: 01\/09\/2026 SafeCru uses cookies to improve website functionality, performance, and user experience. What Are Cookies? Cookies are small text files stored on your device when you visit a website. Types of Cookies We Use Managing Cookies You may manage or disable cookies through your browser settings. Disabling cookies may affect certain website features. [&hellip;]<\/p>","protected":false},"author":1,"featured_media":0,"parent":0,"menu_order":0,"comment_status":"closed","ping_status":"closed","template":"","meta":{"_acf_changed":false,"footnotes":""},"class_list":["post-3845","page","type-page","status-publish","hentry"],"acf":[],"_links":{"self":[{"href":"https:\/\/safecru.com\/es\/wp-json\/wp\/v2\/pages\/3845","targetHints":{"allow":["GET"]}}],"collection":[{"href":"https:\/\/safecru.com\/es\/wp-json\/wp\/v2\/pages"}],"about":[{"href":"https:\/\/safecru.com\/es\/wp-json\/wp\/v2\/types\/page"}],"author":[{"embeddable":true,"href":"https:\/\/safecru.com\/es\/wp-json\/wp\/v2\/users\/1"}],"replies":[{"embeddable":true,"href":"https:\/\/safecru.com\/es\/wp-json\/wp\/v2\/comments?post=3845"}],"version-history":[{"count":2,"href":"https:\/\/safecru.com\/es\/wp-json\/wp\/v2\/pages\/3845\/revisions"}],"predecessor-version":[{"id":3916,"href":"https:\/\/safecru.com\/es\/wp-json\/wp\/v2\/pages\/3845\/revisions\/3916"}],"wp:attachment":[{"href":"https:\/\/safecru.com\/es\/wp-json\/wp\/v2\/media?parent=3845"}],"curies":[{"name":"wp","href":"https:\/\/api.w.org\/{rel}","templated":true}]}}