{"id":3838,"date":"2026-01-09T16:26:38","date_gmt":"2026-01-09T16:26:38","guid":{"rendered":"https:\/\/safecru.com\/?page_id=3838"},"modified":"2026-01-10T23:37:43","modified_gmt":"2026-01-10T23:37:43","slug":"descargo-de-responsabilidad","status":"publish","type":"page","link":"https:\/\/safecru.com\/es\/descargo-de-responsabilidad\/","title":{"rendered":"Descargo de responsabilidad"},"content":{"rendered":"<p><strong>\u00daltima actualizaci\u00f3n:<\/strong> 01\/09\/2026<\/p>\n\n\n\n<p>SafeCru ofrece <strong>s\u00f3lo servicios educativos y de formaci\u00f3n<\/strong>.<\/p>\n\n\n\n<ul class=\"wp-block-list\">\n<li>La realizaci\u00f3n de un curso no garantiza el empleo, la aprobaci\u00f3n de la licencia ni la aceptaci\u00f3n reglamentaria.<\/li>\n\n\n\n<li>Las certificaciones confirman la realizaci\u00f3n del curso, no la competencia profesional m\u00e1s all\u00e1 del \u00e1mbito de la formaci\u00f3n.<\/li>\n\n\n\n<li>SafeCru no proporciona asesoramiento jur\u00eddico, m\u00e9dico o profesional en materia de seguridad.<\/li>\n\n\n\n<li>Los participantes son responsables de cumplir todas las leyes federales, estatales y locales aplicables a su trabajo.<\/li>\n<\/ul>\n\n\n\n<p><strong>Reembolsos<\/strong> Todas las cuestiones relacionadas con el reembolso se rigen por las normas de SafeCru <strong>Pol\u00edtica de reembolso<\/strong>, disponible en: <a href=\"https:\/\/safecru.com\/es\/politica-de-reembolso\/\">https:\/\/safecru.com\/refund-policy\/<\/a><\/p>","protected":false},"excerpt":{"rendered":"<p>Last Updated: 01\/09\/2026 SafeCru provides educational and training services only. Refunds All refund-related matters are governed by SafeCru\u2019s Refund Policy, available at: https:\/\/safecru.com\/refund-policy\/<\/p>","protected":false},"author":1,"featured_media":0,"parent":0,"menu_order":0,"comment_status":"closed","ping_status":"closed","template":"","meta":{"_acf_changed":false,"footnotes":""},"class_list":["post-3838","page","type-page","status-publish","hentry"],"acf":[],"_links":{"self":[{"href":"https:\/\/safecru.com\/es\/wp-json\/wp\/v2\/pages\/3838","targetHints":{"allow":["GET"]}}],"collection":[{"href":"https:\/\/safecru.com\/es\/wp-json\/wp\/v2\/pages"}],"about":[{"href":"https:\/\/safecru.com\/es\/wp-json\/wp\/v2\/types\/page"}],"author":[{"embeddable":true,"href":"https:\/\/safecru.com\/es\/wp-json\/wp\/v2\/users\/1"}],"replies":[{"embeddable":true,"href":"https:\/\/safecru.com\/es\/wp-json\/wp\/v2\/comments?post=3838"}],"version-history":[{"count":2,"href":"https:\/\/safecru.com\/es\/wp-json\/wp\/v2\/pages\/3838\/revisions"}],"predecessor-version":[{"id":3915,"href":"https:\/\/safecru.com\/es\/wp-json\/wp\/v2\/pages\/3838\/revisions\/3915"}],"wp:attachment":[{"href":"https:\/\/safecru.com\/es\/wp-json\/wp\/v2\/media?parent=3838"}],"curies":[{"name":"wp","href":"https:\/\/api.w.org\/{rel}","templated":true}]}}